{"id":7017,"date":"2023-06-20T23:58:20","date_gmt":"2023-06-20T23:58:20","guid":{"rendered":"http:\/\/fundaciondanny.org\/home\/?page_id=7017"},"modified":"2023-07-11T01:04:46","modified_gmt":"2023-07-11T01:04:46","slug":"services-4","status":"publish","type":"page","link":"https:\/\/fundaciondanny.org\/home\/?page_id=7017","title":{"rendered":"Nosotros"},"content":{"rendered":"\t\t<div data-elementor-type=\"wp-page\" data-elementor-id=\"7017\" class=\"elementor elementor-7017\">\n\t\t\t\t\t\t<section class=\"elementor-section elementor-top-section elementor-element elementor-element-63b0967c elementor-section-content-middle elementor-section-boxed elementor-section-height-default elementor-section-height-default\" data-id=\"63b0967c\" data-element_type=\"section\" data-e-type=\"section\" data-settings=\"{&quot;background_background&quot;:&quot;classic&quot;}\">\n\t\t\t\t\t\t\t<div class=\"elementor-background-overlay\"><\/div>\n\t\t\t\t\t\t\t<div class=\"elementor-container elementor-column-gap-no\">\n\t\t\t\t\t<div class=\"elementor-column elementor-col-100 elementor-top-column elementor-element elementor-element-57a40729\" data-id=\"57a40729\" data-element_type=\"column\" data-e-type=\"column\">\n\t\t\t<div class=\"elementor-widget-wrap elementor-element-populated\">\n\t\t\t\t\t\t<div class=\"elementor-element elementor-element-45ef221e elementor-widget elementor-widget-heading\" data-id=\"45ef221e\" data-element_type=\"widget\" data-e-type=\"widget\" data-widget_type=\"heading.default\">\n\t\t\t\t<div class=\"elementor-widget-container\">\n\t\t\t\t\t<h4 class=\"elementor-heading-title elementor-size-default\">Nosotros<\/h4>\t\t\t\t<\/div>\n\t\t\t\t<\/div>\n\t\t\t\t<div class=\"elementor-element elementor-element-1cb22dbe elementor-widget elementor-widget-heading\" data-id=\"1cb22dbe\" data-element_type=\"widget\" data-e-type=\"widget\" data-widget_type=\"heading.default\">\n\t\t\t\t<div class=\"elementor-widget-container\">\n\t\t\t\t\t<h5 class=\"elementor-heading-title elementor-size-default\">Fundaci\u00f3n Danny<\/h5>\t\t\t\t<\/div>\n\t\t\t\t<\/div>\n\t\t\t\t\t<\/div>\n\t\t<\/div>\n\t\t\t\t\t<\/div>\n\t\t<\/section>\n\t\t\t\t<section class=\"elementor-section elementor-top-section elementor-element elementor-element-71993a2c elementor-section-content-middle elementor-section-boxed elementor-section-height-default elementor-section-height-default\" data-id=\"71993a2c\" data-element_type=\"section\" data-e-type=\"section\">\n\t\t\t\t\t\t\t<div class=\"elementor-background-overlay\"><\/div>\n\t\t\t\t\t\t\t<div class=\"elementor-container elementor-column-gap-no\">\n\t\t\t\t\t<div class=\"elementor-column elementor-col-100 elementor-top-column elementor-element elementor-element-cfb339d\" data-id=\"cfb339d\" data-element_type=\"column\" data-e-type=\"column\">\n\t\t\t<div class=\"elementor-widget-wrap elementor-element-populated\">\n\t\t\t\t\t\t<div class=\"elementor-element elementor-element-2234ca34 elementor-view-default elementor-position-block-start elementor-mobile-position-block-start elementor-widget elementor-widget-icon-box\" data-id=\"2234ca34\" data-element_type=\"widget\" data-e-type=\"widget\" data-widget_type=\"icon-box.default\">\n\t\t\t\t<div class=\"elementor-widget-container\">\n\t\t\t\t\t\t\t<div class=\"elementor-icon-box-wrapper\">\n\n\t\t\t\t\t\t<div class=\"elementor-icon-box-icon\">\n\t\t\t\t<span  class=\"elementor-icon\">\n\t\t\t\t<i aria-hidden=\"true\" class=\"fas fa-seedling\"><\/i>\t\t\t\t<\/span>\n\t\t\t<\/div>\n\t\t\t\n\t\t\t\t\t\t<div class=\"elementor-icon-box-content\">\n\n\t\t\t\t\n\t\t\t\t\t\t\t\t\t<p class=\"elementor-icon-box-description\">\n\t\t\t\t\t\tQuienes somos\t\t\t\t\t<\/p>\n\t\t\t\t\n\t\t\t<\/div>\n\t\t\t\n\t\t<\/div>\n\t\t\t\t\t\t<\/div>\n\t\t\t\t<\/div>\n\t\t\t\t<div class=\"elementor-element elementor-element-7a8a2c62 elementor-widget elementor-widget-text-editor\" data-id=\"7a8a2c62\" data-element_type=\"widget\" data-e-type=\"widget\" data-widget_type=\"text-editor.default\">\n\t\t\t\t<div class=\"elementor-widget-container\">\n\t\t\t\t\t\t\t\t\t<p style=\"text-align: center;\">la Fundaci\u00f3n Danny, ubicada en nuestra sede principal en Fusagasug\u00e1, Cundinamarca, nos enorgullece presentar una amplia gama de programas educativos dise\u00f1ados especialmente para j\u00f3venes y adolescentes. Nuestro objetivo principal es brindarles oportunidades excepcionales para su desarrollo personal y acad\u00e9mico, fomentando su crecimiento integral.<\/p><p style=\"text-align: center;\">Creemos firmemente en el poder de la educaci\u00f3n para transformar vidas. Por ello, hemos creado una variedad de programas innovadores que buscan inspirar, motivar y empoderar a nuestros j\u00f3venes. Nuestro equipo de profesionales altamente capacitados y comprometidos se dedica a proporcionarles un entorno educativo estimulante y de apoyo.<\/p><p style=\"text-align: center;\">Nuestros programas educativos abarcan una gama de disciplinas que ayudan al crecimiento personal y educativo. Fomentamos el pensamiento cr\u00edtico, la resoluci\u00f3n de problemas y el trabajo en equipo, preparando a nuestros estudiantes para los desaf\u00edos del mundo actual y futuro.<\/p><p style=\"text-align: center;\">Adem\u00e1s de nuestros programas educativos, tambi\u00e9n nos enorgullece ofrecer servicios de intercambios culturales al exterior. Creemos en la importancia de la experiencia multicultural y el aprendizaje intercultural para enriquecer la vida de nuestros j\u00f3venes. A trav\u00e9s de nuestros intercambios, brindamos la oportunidad de sumergirse en diferentes culturas, aprender nuevos idiomas y ampliar sus horizontes.<\/p><p style=\"text-align: center;\">Te invitamos a explorar nuestra p\u00e1gina web y descubrir m\u00e1s sobre la Fundaci\u00f3n Danny y los programas que ofrecemos. Si deseas obtener m\u00e1s informaci\u00f3n o est\u00e1s interesado en formar parte de nuestra comunidad educativa, no dudes en contactarnos. Estamos aqu\u00ed para ayudarte a alcanzar tu m\u00e1ximo potencial y hacer realidad tus sue\u00f1os.<\/p><p style=\"text-align: center;\">\u00a1\u00danete a la Fundaci\u00f3n Danny y comienza tu viaje hacia un futuro brillante y lleno de oportunidades!<\/p>\t\t\t\t\t\t\t\t<\/div>\n\t\t\t\t<\/div>\n\t\t\t\t\t<\/div>\n\t\t<\/div>\n\t\t\t\t\t<\/div>\n\t\t<\/section>\n\t\t\t\t<section class=\"elementor-section elementor-top-section elementor-element elementor-element-190ccee3 elementor-section-boxed elementor-section-height-default elementor-section-height-default\" data-id=\"190ccee3\" data-element_type=\"section\" data-e-type=\"section\">\n\t\t\t\t\t\t<div class=\"elementor-container elementor-column-gap-default\">\n\t\t\t\t\t<div class=\"elementor-column elementor-col-50 elementor-top-column elementor-element elementor-element-1da58c3e\" data-id=\"1da58c3e\" data-element_type=\"column\" data-e-type=\"column\">\n\t\t\t<div class=\"elementor-widget-wrap elementor-element-populated\">\n\t\t\t\t\t\t<section class=\"elementor-section elementor-inner-section elementor-element elementor-element-4a15db75 elementor-section-boxed elementor-section-height-default elementor-section-height-default\" data-id=\"4a15db75\" data-element_type=\"section\" data-e-type=\"section\">\n\t\t\t\t\t\t<div class=\"elementor-container elementor-column-gap-default\">\n\t\t\t\t\t<div class=\"elementor-column elementor-col-50 elementor-inner-column elementor-element elementor-element-59babb7e\" data-id=\"59babb7e\" data-element_type=\"column\" data-e-type=\"column\">\n\t\t\t<div class=\"elementor-widget-wrap elementor-element-populated\">\n\t\t\t\t\t\t\t<\/div>\n\t\t<\/div>\n\t\t\t\t<div class=\"elementor-column elementor-col-50 elementor-inner-column elementor-element elementor-element-46e52e23\" data-id=\"46e52e23\" data-element_type=\"column\" data-e-type=\"column\">\n\t\t\t<div class=\"elementor-widget-wrap elementor-element-populated\">\n\t\t\t\t\t\t<div class=\"elementor-element elementor-element-c7a9912 elementor-widget elementor-widget-heading\" data-id=\"c7a9912\" data-element_type=\"widget\" data-e-type=\"widget\" data-widget_type=\"heading.default\">\n\t\t\t\t<div class=\"elementor-widget-container\">\n\t\t\t\t\t<h2 class=\"elementor-heading-title elementor-size-default\">Misi\u00f3n<\/h2>\t\t\t\t<\/div>\n\t\t\t\t<\/div>\n\t\t\t\t\t<\/div>\n\t\t<\/div>\n\t\t\t\t\t<\/div>\n\t\t<\/section>\n\t\t\t\t<div class=\"elementor-element elementor-element-403eae0c elementor-widget elementor-widget-text-editor\" data-id=\"403eae0c\" data-element_type=\"widget\" data-e-type=\"widget\" data-widget_type=\"text-editor.default\">\n\t\t\t\t<div class=\"elementor-widget-container\">\n\t\t\t\t\t\t\t\t\t<p>Fundaci\u00f3n \u201cDANNY\u201d Devoloping Aptitudes for a New Nation and Youth hace su parte en la construcci\u00f3n del proceso del desarrollo humano brindando a los ni\u00f1os, ni\u00f1as y adolescentes de Colombia el los estratos m\u00e1s vulnerable la oportunidad de entrenarse para desarrollar aptitudes que les capaciten frente a los a los retos que presenta el mundo laboral.<\/p>\t\t\t\t\t\t\t\t<\/div>\n\t\t\t\t<\/div>\n\t\t\t\t\t<\/div>\n\t\t<\/div>\n\t\t\t\t<div class=\"elementor-column elementor-col-50 elementor-top-column elementor-element elementor-element-5203d82e\" data-id=\"5203d82e\" data-element_type=\"column\" data-e-type=\"column\">\n\t\t\t<div class=\"elementor-widget-wrap elementor-element-populated\">\n\t\t\t\t\t\t<section class=\"elementor-section elementor-inner-section elementor-element elementor-element-32fcb388 elementor-section-boxed elementor-section-height-default elementor-section-height-default\" data-id=\"32fcb388\" data-element_type=\"section\" data-e-type=\"section\">\n\t\t\t\t\t\t<div class=\"elementor-container elementor-column-gap-default\">\n\t\t\t\t\t<div class=\"elementor-column elementor-col-50 elementor-inner-column elementor-element elementor-element-67c392c9\" data-id=\"67c392c9\" data-element_type=\"column\" data-e-type=\"column\">\n\t\t\t<div class=\"elementor-widget-wrap elementor-element-populated\">\n\t\t\t\t\t\t\t<\/div>\n\t\t<\/div>\n\t\t\t\t<div class=\"elementor-column elementor-col-50 elementor-inner-column elementor-element elementor-element-527ea841\" data-id=\"527ea841\" data-element_type=\"column\" data-e-type=\"column\">\n\t\t\t<div class=\"elementor-widget-wrap elementor-element-populated\">\n\t\t\t\t\t\t<div class=\"elementor-element elementor-element-7cf4f534 elementor-widget elementor-widget-heading\" data-id=\"7cf4f534\" data-element_type=\"widget\" data-e-type=\"widget\" data-widget_type=\"heading.default\">\n\t\t\t\t<div class=\"elementor-widget-container\">\n\t\t\t\t\t<h2 class=\"elementor-heading-title elementor-size-default\">Visi\u00f3n<\/h2>\t\t\t\t<\/div>\n\t\t\t\t<\/div>\n\t\t\t\t\t<\/div>\n\t\t<\/div>\n\t\t\t\t\t<\/div>\n\t\t<\/section>\n\t\t\t\t<div class=\"elementor-element elementor-element-9bc9e98 elementor-widget elementor-widget-text-editor\" data-id=\"9bc9e98\" data-element_type=\"widget\" data-e-type=\"widget\" data-widget_type=\"text-editor.default\">\n\t\t\t\t<div class=\"elementor-widget-container\">\n\t\t\t\t\t\t\t\t\t<p>Fundaci\u00f3n \u201cDANNY\u201d Devoloping Aptitudes for a New Nation and Youth se proyecta como una instituci\u00f3n educativa superior en Colombia capacitando ni\u00f1os, ni\u00f1as y adolescentes de los estratos m\u00e1s vulnerables para la vida y el trabajo con altos est\u00e1ndares de calidad y excelencia , reduciendo la desigualdad social.<\/p>\t\t\t\t\t\t\t\t<\/div>\n\t\t\t\t<\/div>\n\t\t\t\t\t<\/div>\n\t\t<\/div>\n\t\t\t\t\t<\/div>\n\t\t<\/section>\n\t\t\t\t<section class=\"elementor-section elementor-top-section elementor-element elementor-element-75ccf7d elementor-section-content-middle elementor-section-boxed elementor-section-height-default elementor-section-height-default\" data-id=\"75ccf7d\" data-element_type=\"section\" data-e-type=\"section\">\n\t\t\t\t\t\t<div class=\"elementor-container elementor-column-gap-no\">\n\t\t\t\t\t<div class=\"elementor-column elementor-col-50 elementor-top-column elementor-element elementor-element-70200fe\" data-id=\"70200fe\" data-element_type=\"column\" data-e-type=\"column\">\n\t\t\t<div class=\"elementor-widget-wrap elementor-element-populated\">\n\t\t\t\t\t\t<div class=\"elementor-element elementor-element-d17619a elementor-widget elementor-widget-heading\" data-id=\"d17619a\" data-element_type=\"widget\" data-e-type=\"widget\" data-widget_type=\"heading.default\">\n\t\t\t\t<div class=\"elementor-widget-container\">\n\t\t\t\t\t<h2 class=\"elementor-heading-title elementor-size-default\">FUNDACION EDUCATIVA<\/h2>\t\t\t\t<\/div>\n\t\t\t\t<\/div>\n\t\t\t\t\t<\/div>\n\t\t<\/div>\n\t\t\t\t<div class=\"elementor-column elementor-col-50 elementor-top-column elementor-element elementor-element-0103ddf\" data-id=\"0103ddf\" data-element_type=\"column\" data-e-type=\"column\">\n\t\t\t<div class=\"elementor-widget-wrap elementor-element-populated\">\n\t\t\t\t\t\t<div class=\"elementor-element elementor-element-20075e1 elementor-widget elementor-widget-video\" data-id=\"20075e1\" data-element_type=\"widget\" data-e-type=\"widget\" data-settings=\"{&quot;youtube_url&quot;:&quot;https:\\\/\\\/www.youtube.com\\\/watch?v=NWdpKqFDtHo&quot;,&quot;video_type&quot;:&quot;youtube&quot;,&quot;controls&quot;:&quot;yes&quot;}\" data-widget_type=\"video.default\">\n\t\t\t\t<div class=\"elementor-widget-container\">\n\t\t\t\t\t\t\t<div class=\"elementor-wrapper elementor-open-inline\">\n\t\t\t<div class=\"elementor-video\"><\/div>\t\t<\/div>\n\t\t\t\t\t\t<\/div>\n\t\t\t\t<\/div>\n\t\t\t\t\t<\/div>\n\t\t<\/div>\n\t\t\t\t\t<\/div>\n\t\t<\/section>\n\t\t\t\t<section class=\"elementor-section elementor-top-section elementor-element elementor-element-6706a196 elementor-section-content-middle elementor-section-boxed elementor-section-height-default elementor-section-height-default\" data-id=\"6706a196\" data-element_type=\"section\" data-e-type=\"section\" data-settings=\"{&quot;background_background&quot;:&quot;classic&quot;}\">\n\t\t\t\t\t\t<div class=\"elementor-container elementor-column-gap-no\">\n\t\t\t\t\t<div class=\"elementor-column elementor-col-100 elementor-top-column elementor-element elementor-element-53c767e1\" data-id=\"53c767e1\" data-element_type=\"column\" data-e-type=\"column\">\n\t\t\t<div class=\"elementor-widget-wrap elementor-element-populated\">\n\t\t\t\t\t\t<section class=\"elementor-section elementor-inner-section elementor-element elementor-element-263d73d4 elementor-section-boxed elementor-section-height-default elementor-section-height-default\" data-id=\"263d73d4\" data-element_type=\"section\" data-e-type=\"section\">\n\t\t\t\t\t\t<div class=\"elementor-container elementor-column-gap-default\">\n\t\t\t\t\t<div class=\"elementor-column elementor-col-100 elementor-inner-column elementor-element elementor-element-2c0d22c2\" data-id=\"2c0d22c2\" data-element_type=\"column\" data-e-type=\"column\">\n\t\t\t<div class=\"elementor-widget-wrap elementor-element-populated\">\n\t\t\t\t\t\t<div class=\"elementor-element elementor-element-744ab50d elementor-position-left elementor-vertical-align-middle elementor-widget elementor-widget-image-box\" data-id=\"744ab50d\" data-element_type=\"widget\" data-e-type=\"widget\" data-widget_type=\"image-box.default\">\n\t\t\t\t<div class=\"elementor-widget-container\">\n\t\t\t\t\t<div class=\"elementor-image-box-wrapper\"><figure class=\"elementor-image-box-img\"><img fetchpriority=\"high\" decoding=\"async\" width=\"585\" height=\"789\" src=\"https:\/\/fundaciondanny.org\/home\/wp-content\/uploads\/2023\/06\/imagen_2023-06-20_202414363.png\" class=\"attachment-full size-full wp-image-7052\" alt=\"\" srcset=\"https:\/\/fundaciondanny.org\/home\/wp-content\/uploads\/2023\/06\/imagen_2023-06-20_202414363.png 585w, https:\/\/fundaciondanny.org\/home\/wp-content\/uploads\/2023\/06\/imagen_2023-06-20_202414363-400x539.png 400w, https:\/\/fundaciondanny.org\/home\/wp-content\/uploads\/2023\/06\/imagen_2023-06-20_202414363-222x300.png 222w\" sizes=\"(max-width: 585px) 100vw, 585px\" \/><\/figure><div class=\"elementor-image-box-content\"><h3 class=\"elementor-image-box-title\">Andr\u00e9s Rodr\u00edguez<\/h3><p class=\"elementor-image-box-description\">Director<\/p><\/div><\/div>\t\t\t\t<\/div>\n\t\t\t\t<\/div>\n\t\t\t\t<div class=\"elementor-element elementor-element-28ead259 elementor-widget elementor-widget-text-editor\" data-id=\"28ead259\" data-element_type=\"widget\" data-e-type=\"widget\" data-widget_type=\"text-editor.default\">\n\t\t\t\t<div class=\"elementor-widget-container\">\n\t\t\t\t\t\t\t\t\t<p>Andr\u00e9s Rodr\u00edguez es un director comprometido, visionario y orientado al logro de resultados en el \u00e1mbito de la educaci\u00f3n. Su liderazgo inspirador, combinado con su enfoque centrado en el alumno y su capacidad para establecer colaboraciones estrat\u00e9gicas, ha llevado a la fundaci\u00f3n educativa a alcanzar un impacto significativo en la vida de los participantes<\/p>\t\t\t\t\t\t\t\t<\/div>\n\t\t\t\t<\/div>\n\t\t\t\t\t<\/div>\n\t\t<\/div>\n\t\t\t\t\t<\/div>\n\t\t<\/section>\n\t\t\t\t\t<\/div>\n\t\t<\/div>\n\t\t\t\t\t<\/div>\n\t\t<\/section>\n\t\t\t\t<section class=\"elementor-section elementor-top-section elementor-element elementor-element-70b78846 elementor-section-height-min-height elementor-section-content-middle elementor-section-boxed elementor-section-height-default elementor-section-items-middle\" data-id=\"70b78846\" data-element_type=\"section\" data-e-type=\"section\" data-settings=\"{&quot;background_background&quot;:&quot;classic&quot;}\">\n\t\t\t\t\t\t\t<div class=\"elementor-background-overlay\"><\/div>\n\t\t\t\t\t\t\t<div class=\"elementor-container elementor-column-gap-no\">\n\t\t\t\t\t<div class=\"elementor-column elementor-col-100 elementor-top-column elementor-element elementor-element-e766e7a\" data-id=\"e766e7a\" data-element_type=\"column\" data-e-type=\"column\">\n\t\t\t<div class=\"elementor-widget-wrap elementor-element-populated\">\n\t\t\t\t\t\t<div class=\"elementor-element elementor-element-77921100 elementor-widget elementor-widget-heading\" data-id=\"77921100\" data-element_type=\"widget\" data-e-type=\"widget\" data-widget_type=\"heading.default\">\n\t\t\t\t<div class=\"elementor-widget-container\">\n\t\t\t\t\t<h2 class=\"elementor-heading-title elementor-size-default\">Valores Corporativos<\/h2>\t\t\t\t<\/div>\n\t\t\t\t<\/div>\n\t\t\t\t<div class=\"elementor-element elementor-element-14428c89 elementor-widget elementor-widget-text-editor\" data-id=\"14428c89\" data-element_type=\"widget\" data-e-type=\"widget\" data-widget_type=\"text-editor.default\">\n\t\t\t\t<div class=\"elementor-widget-container\">\n\t\t\t\t\t\t\t\t\t<ul>\n<li><b>Diversidad e inclusi\u00f3n: <\/b>Valorar y promover la diversidad cultural, \u00e9tnica y ling\u00fc\u00edstica, as\u00ed como la inclusi\u00f3n de todas las personas, brindando igualdad de oportunidades a todos los participantes y fomentando el respeto mutuo.<\/li>\n<\/ul>\n<ul>\n<li><b>Aprendizaje y desarrollo:<\/b> Compromiso con el aprendizaje continuo y el desarrollo personal y profesional de los participantes, ofreciendo programas y recursos educativos de calidad y fomentando la adquisici\u00f3n de habilidades y conocimientos relevantes.<\/li>\n<\/ul>\n<ul>\n<li><b>Empat\u00eda y respeto:<\/b> Fomentar una cultura de empat\u00eda y respeto hacia las diferentes culturas, creencias y perspectivas, promoviendo el di\u00e1logo constructivo y la comprensi\u00f3n mutua.<\/li><\/ul><ul>\n<li><b>Excelencia:<\/b> Buscar constantemente la excelencia en la ejecuci\u00f3n de programas, la calidad de los servicios y la satisfacci\u00f3n de los participantes, promoviendo altos est\u00e1ndares y la mejora continua.&nbsp;<\/li>\n<\/ul>\n<ul>\n<li><b>Colaboraci\u00f3n y trabajo en equipo:<\/b> Fomentar la colaboraci\u00f3n entre los participantes, el personal y los socios, promoviendo un ambiente de trabajo en equipo, cooperaci\u00f3n y apoyo mutuo.<\/li>\n<\/ul>\t\t\t\t\t\t\t\t<\/div>\n\t\t\t\t<\/div>\n\t\t\t\t\t<\/div>\n\t\t<\/div>\n\t\t\t\t\t<\/div>\n\t\t<\/section>\n\t\t\t\t<\/div>\n\t\t","protected":false},"excerpt":{"rendered":"<p>Nosotros Fundaci\u00f3n Danny Quienes somos la Fundaci\u00f3n Danny, ubicada en nuestra sede principal en Fusagasug\u00e1, Cundinamarca, nos enorgullece presentar una amplia gama de programas educativos dise\u00f1ados especialmente para j\u00f3venes y adolescentes. Nuestro objetivo principal es brindarles oportunidades excepcionales para su desarrollo personal y acad\u00e9mico, fomentando su crecimiento integral. Creemos firmemente en el poder de la &hellip; <\/p>\n<p class=\"link-more\"><a href=\"https:\/\/fundaciondanny.org\/home\/?page_id=7017\" class=\"more-link\">Leer m\u00e1s<span class=\"screen-reader-text\"> \u00abNosotros\u00bb<\/span><\/a><\/p>\n","protected":false},"author":1,"featured_media":0,"parent":0,"menu_order":0,"comment_status":"closed","ping_status":"closed","template":"page-templates\/full-width-builder-bb.php","meta":{"footnotes":""},"class_list":["post-7017","page","type-page","status-publish","hentry"],"_links":{"self":[{"href":"https:\/\/fundaciondanny.org\/home\/index.php?rest_route=\/wp\/v2\/pages\/7017","targetHints":{"allow":["GET"]}}],"collection":[{"href":"https:\/\/fundaciondanny.org\/home\/index.php?rest_route=\/wp\/v2\/pages"}],"about":[{"href":"https:\/\/fundaciondanny.org\/home\/index.php?rest_route=\/wp\/v2\/types\/page"}],"author":[{"embeddable":true,"href":"https:\/\/fundaciondanny.org\/home\/index.php?rest_route=\/wp\/v2\/users\/1"}],"replies":[{"embeddable":true,"href":"https:\/\/fundaciondanny.org\/home\/index.php?rest_route=%2Fwp%2Fv2%2Fcomments&post=7017"}],"version-history":[{"count":52,"href":"https:\/\/fundaciondanny.org\/home\/index.php?rest_route=\/wp\/v2\/pages\/7017\/revisions"}],"predecessor-version":[{"id":7486,"href":"https:\/\/fundaciondanny.org\/home\/index.php?rest_route=\/wp\/v2\/pages\/7017\/revisions\/7486"}],"wp:attachment":[{"href":"https:\/\/fundaciondanny.org\/home\/index.php?rest_route=%2Fwp%2Fv2%2Fmedia&parent=7017"}],"curies":[{"name":"wp","href":"https:\/\/api.w.org\/{rel}","templated":true}]}}