{"id":7827,"date":"2024-09-03T00:54:24","date_gmt":"2024-09-03T00:54:24","guid":{"rendered":"https:\/\/fundaciondanny.org\/home\/?page_id=7827"},"modified":"2024-09-03T01:15:38","modified_gmt":"2024-09-03T01:15:38","slug":"services-3-2-2","status":"publish","type":"page","link":"https:\/\/fundaciondanny.org\/home\/?page_id=7827","title":{"rendered":"PQRSDF"},"content":{"rendered":"\t\t<div data-elementor-type=\"wp-page\" data-elementor-id=\"7827\" class=\"elementor elementor-7827\">\n\t\t\t\t\t\t<section class=\"elementor-section elementor-top-section elementor-element elementor-element-583d87c elementor-section-boxed elementor-section-height-default elementor-section-height-default\" data-id=\"583d87c\" data-element_type=\"section\" data-e-type=\"section\">\n\t\t\t\t\t\t<div class=\"elementor-container elementor-column-gap-default\">\n\t\t\t\t\t<div class=\"elementor-column elementor-col-100 elementor-top-column elementor-element elementor-element-7f053fc\" data-id=\"7f053fc\" data-element_type=\"column\" data-e-type=\"column\">\n\t\t\t<div class=\"elementor-widget-wrap elementor-element-populated\">\n\t\t\t\t\t\t<div class=\"elementor-element elementor-element-28f21a1 elementor-widget elementor-widget-text-editor\" data-id=\"28f21a1\" data-element_type=\"widget\" data-e-type=\"widget\" data-widget_type=\"text-editor.default\">\n\t\t\t\t<div class=\"elementor-widget-container\">\n\t\t\t\t\t\t\t\t\t<h4>Nos interesa tu opini\u00f3n<\/h4>\n<p>Mediante el siguiente formulario o a nuestro correo info@fundaciondanny.org, puedes realizar tu informe, este ser\u00e1 contestado al correo registrado de acuerdo a la normatividad vigente, dando cumplimiento de la misma.<br \/><br \/>Recuerda que en este espacio puedes registrar tu:<br \/><span style=\"color: #00ccff;\"><strong>Petici\u00f3n:<\/strong><\/span>\u00a0Es la solicitud que se presenta en forma respetuosa con el fin de requerir su intervenci\u00f3n en un asunto concreto, la resoluci\u00f3n de una situaci\u00f3n jur\u00eddica y\/o la prestaci\u00f3n de un servicio.<br \/><strong><span style=\"color: #00ccff;\">Queja:<\/span><\/strong> Inconformidad que formula una persona en relaci\u00f3n a la conducta irregular de un funcionario de FUNDANNY en desarrollo de sus funciones.<br \/><strong><span style=\"color: #00ccff;\">Reclamo:<\/span><\/strong>\u00a0Es la comunicaci\u00f3n que presenta sobre posibles inconvenientes o inconformidades en relaci\u00f3n con un tr\u00e1mite o la prestaci\u00f3n del servicio, con el objeto de obtener una soluci\u00f3n.<br \/><strong><span style=\"color: #00ccff;\">Sugerencia:<\/span><\/strong>\u00a0Recomendaci\u00f3n que formula una persona para que se mejore la prestaci\u00f3n de los servicios de la entidad.<br \/><strong><span style=\"color: #00ccff;\">Denuncia:<\/span><\/strong> Informar sobre un hecho probable de corrupci\u00f3n, falta disciplinaria, cometido por un funcionario de FUNDANNY.<br \/>Felicitaci\u00f3n: Satisfacci\u00f3n por los servicios recibidos por parte de la entidad. La felicitaci\u00f3n puede ir orientada hacia un funcionario, una dependencia, un proyecto o la gesti\u00f3n de FUNDANNY.<\/p>\t\t\t\t\t\t\t\t<\/div>\n\t\t\t\t<\/div>\n\t\t\t\t\t<\/div>\n\t\t<\/div>\n\t\t\t\t\t<\/div>\n\t\t<\/section>\n\t\t\t\t<section class=\"elementor-section elementor-top-section elementor-element elementor-element-a59d512 elementor-section-boxed elementor-section-height-default elementor-section-height-default\" data-id=\"a59d512\" data-element_type=\"section\" data-e-type=\"section\">\n\t\t\t\t\t\t<div class=\"elementor-container elementor-column-gap-default\">\n\t\t\t\t\t<div class=\"elementor-column elementor-col-100 elementor-top-column elementor-element elementor-element-0c6708e\" data-id=\"0c6708e\" data-element_type=\"column\" data-e-type=\"column\">\n\t\t\t<div class=\"elementor-widget-wrap elementor-element-populated\">\n\t\t\t\t\t\t<div class=\"elementor-element elementor-element-e13e78c elementor-widget elementor-widget-wpforms\" data-id=\"e13e78c\" data-element_type=\"widget\" data-e-type=\"widget\" data-widget_type=\"wpforms.default\">\n\t\t\t\t<div class=\"elementor-widget-container\">\n\t\t\t\t\t<style id=\"wpforms-css-vars-root\">\n\t\t\t\t:root {\n\t\t\t\t\t--wpforms-field-border-radius: 3px;\n--wpforms-field-border-style: solid;\n--wpforms-field-border-size: 1px;\n--wpforms-field-background-color: #ffffff;\n--wpforms-field-border-color: rgba( 0, 0, 0, 0.25 );\n--wpforms-field-border-color-spare: rgba( 0, 0, 0, 0.25 );\n--wpforms-field-text-color: rgba( 0, 0, 0, 0.7 );\n--wpforms-field-menu-color: #ffffff;\n--wpforms-label-color: rgba( 0, 0, 0, 0.85 );\n--wpforms-label-sublabel-color: rgba( 0, 0, 0, 0.55 );\n--wpforms-label-error-color: #d63637;\n--wpforms-button-border-radius: 3px;\n--wpforms-button-border-style: none;\n--wpforms-button-border-size: 1px;\n--wpforms-button-background-color: #066aab;\n--wpforms-button-border-color: #066aab;\n--wpforms-button-text-color: #ffffff;\n--wpforms-page-break-color: #066aab;\n--wpforms-background-image: none;\n--wpforms-background-position: center center;\n--wpforms-background-repeat: no-repeat;\n--wpforms-background-size: cover;\n--wpforms-background-width: 100px;\n--wpforms-background-height: 100px;\n--wpforms-background-color: rgba( 0, 0, 0, 0 );\n--wpforms-background-url: none;\n--wpforms-container-padding: 0px;\n--wpforms-container-border-style: none;\n--wpforms-container-border-width: 1px;\n--wpforms-container-border-color: #000000;\n--wpforms-container-border-radius: 3px;\n--wpforms-field-size-input-height: 43px;\n--wpforms-field-size-input-spacing: 15px;\n--wpforms-field-size-font-size: 16px;\n--wpforms-field-size-line-height: 19px;\n--wpforms-field-size-padding-h: 14px;\n--wpforms-field-size-checkbox-size: 16px;\n--wpforms-field-size-sublabel-spacing: 5px;\n--wpforms-field-size-icon-size: 1;\n--wpforms-label-size-font-size: 16px;\n--wpforms-label-size-line-height: 19px;\n--wpforms-label-size-sublabel-font-size: 14px;\n--wpforms-label-size-sublabel-line-height: 17px;\n--wpforms-button-size-font-size: 17px;\n--wpforms-button-size-height: 41px;\n--wpforms-button-size-padding-h: 15px;\n--wpforms-button-size-margin-top: 10px;\n--wpforms-container-shadow-size-box-shadow: none;\n\n\t\t\t\t}\n\t\t\t<\/style><style id=\"wpforms-css-vars-elementor-widget-e13e78c\">\n\t\t\t\t.elementor-widget-wpforms.elementor-element-e13e78c {\n\t\t\t\t\t--wpforms-field-size-input-height: 43px;\n--wpforms-field-size-input-spacing: 15px;\n--wpforms-field-size-font-size: 16px;\n--wpforms-field-size-line-height: 19px;\n--wpforms-field-size-padding-h: 14px;\n--wpforms-field-size-checkbox-size: 16px;\n--wpforms-field-size-sublabel-spacing: 5px;\n--wpforms-field-size-icon-size: 1;\n--wpforms-label-size-font-size: 16px;\n--wpforms-label-size-line-height: 19px;\n--wpforms-label-size-sublabel-font-size: 14px;\n--wpforms-label-size-sublabel-line-height: 17px;\n--wpforms-button-size-font-size: 17px;\n--wpforms-button-size-height: 41px;\n--wpforms-button-size-padding-h: 15px;\n--wpforms-button-size-margin-top: 10px;\n\n\t\t\t\t}\n\t\t\t<\/style><div class=\"wpforms-container wpforms-container-full wpforms-render-modern\" id=\"wpforms-7831\"><form id=\"wpforms-form-7831\" class=\"wpforms-validate wpforms-form wpforms-ajax-form\" data-formid=\"7831\" method=\"post\" enctype=\"multipart\/form-data\" action=\"\/home\/index.php?rest_route=%2Fwp%2Fv2%2Fpages%2F7827\" data-token=\"0212ae1670f63ad69ec0077c675704f1\" data-token-time=\"1777627920\"><noscript class=\"wpforms-error-noscript\">Por favor, activa JavaScript en tu navegador para completar este formulario.<\/noscript><div class=\"wpforms-hidden\" id=\"wpforms-error-noscript\">Por favor, activa JavaScript en tu navegador para completar este formulario.<\/div><div class=\"wpforms-field-container\"><div id=\"wpforms-7831-field_1-container\" class=\"wpforms-field wpforms-field-name\" data-field-id=\"1\"><fieldset><legend class=\"wpforms-field-label\">Nombres y Apellidos <span class=\"wpforms-required-label\" aria-hidden=\"true\">*<\/span><\/legend><div class=\"wpforms-field-row wpforms-field-large\"><div class=\"wpforms-field-row-block wpforms-first wpforms-one-half\"><input type=\"text\" id=\"wpforms-7831-field_1\" class=\"wpforms-field-name-first wpforms-field-required\" name=\"wpforms[fields][1][first]\" aria-errormessage=\"wpforms-7831-field_1-error\" required><label for=\"wpforms-7831-field_1\" class=\"wpforms-field-sublabel after\">Nombre<\/label><\/div><div class=\"wpforms-field-row-block wpforms-one-half\"><input type=\"text\" id=\"wpforms-7831-field_1-last\" class=\"wpforms-field-name-last wpforms-field-required\" name=\"wpforms[fields][1][last]\" aria-errormessage=\"wpforms-7831-field_1-last-error\" required><label for=\"wpforms-7831-field_1-last\" class=\"wpforms-field-sublabel after\">Apellidos<\/label><\/div><\/div><\/fieldset><\/div><div id=\"wpforms-7831-field_2-container\" class=\"wpforms-field wpforms-field-email\" data-field-id=\"2\"><label class=\"wpforms-field-label\" for=\"wpforms-7831-field_2\">Email <span class=\"wpforms-required-label\" aria-hidden=\"true\">*<\/span><\/label><input type=\"email\" id=\"wpforms-7831-field_2\" class=\"wpforms-field-large wpforms-field-required\" name=\"wpforms[fields][2]\" spellcheck=\"false\" aria-errormessage=\"wpforms-7831-field_2-error\" required><\/div><div id=\"wpforms-7831-field_4-container\" class=\"wpforms-field wpforms-field-number\" data-field-id=\"4\"><label class=\"wpforms-field-label\" for=\"wpforms-7831-field_4\">Telefono <span class=\"wpforms-required-label\" aria-hidden=\"true\">*<\/span><\/label><input type=\"number\" id=\"wpforms-7831-field_4\" class=\"wpforms-field-large wpforms-field-required\" name=\"wpforms[fields][4]\" aria-errormessage=\"wpforms-7831-field_4-error\" required><\/div><div id=\"wpforms-7831-field_6-container\" class=\"wpforms-field wpforms-field-textarea\" data-field-id=\"6\"><label class=\"wpforms-field-label\" for=\"wpforms-7831-field_6\">Mensaje <span class=\"wpforms-required-label\" aria-hidden=\"true\">*<\/span><\/label><textarea id=\"wpforms-7831-field_6\" class=\"wpforms-field-medium wpforms-field-required\" name=\"wpforms[fields][6]\" aria-errormessage=\"wpforms-7831-field_6-error\" required><\/textarea><\/div><\/div><!-- .wpforms-field-container --><div class=\"wpforms-submit-container\" ><input type=\"hidden\" name=\"wpforms[id]\" value=\"7831\"><input type=\"hidden\" name=\"page_title\" value=\"\"><input type=\"hidden\" name=\"page_url\" value=\"https:\/\/fundaciondanny.org\/home\/index.php?rest_route=%2Fwp%2Fv2%2Fpages%2F7827\"><button type=\"submit\" name=\"wpforms[submit]\" id=\"wpforms-submit-7831\" class=\"wpforms-submit\" data-alt-text=\"Sending...\" data-submit-text=\"Submit\" aria-live=\"assertive\" value=\"wpforms-submit\">Submit<\/button><img decoding=\"async\" src=\"https:\/\/fundaciondanny.org\/home\/wp-content\/plugins\/wpforms-lite\/assets\/images\/submit-spin.svg\" class=\"wpforms-submit-spinner\" style=\"display: none;\" width=\"26\" height=\"26\" alt=\"Cargando\"><\/div><\/form><\/div>  <!-- .wpforms-container -->\t\t\t\t<\/div>\n\t\t\t\t<\/div>\n\t\t\t\t\t<\/div>\n\t\t<\/div>\n\t\t\t\t\t<\/div>\n\t\t<\/section>\n\t\t\t\t<\/div>\n\t\t","protected":false},"excerpt":{"rendered":"<p>Nos interesa tu opini\u00f3n Mediante el siguiente formulario o a nuestro correo info@fundaciondanny.org, puedes realizar tu informe, este ser\u00e1 contestado al correo registrado de acuerdo a la normatividad vigente, dando cumplimiento de la misma. Recuerda que en este espacio puedes registrar tu:Petici\u00f3n:\u00a0Es la solicitud que se presenta en forma respetuosa con el fin de requerir &hellip; <\/p>\n<p class=\"link-more\"><a href=\"https:\/\/fundaciondanny.org\/home\/?page_id=7827\" class=\"more-link\">Leer m\u00e1s<span class=\"screen-reader-text\"> \u00abPQRSDF\u00bb<\/span><\/a><\/p>\n","protected":false},"author":1,"featured_media":0,"parent":0,"menu_order":0,"comment_status":"closed","ping_status":"closed","template":"page-templates\/full-width-builder-bb.php","meta":{"footnotes":""},"class_list":["post-7827","page","type-page","status-publish","hentry"],"_links":{"self":[{"href":"https:\/\/fundaciondanny.org\/home\/index.php?rest_route=\/wp\/v2\/pages\/7827","targetHints":{"allow":["GET"]}}],"collection":[{"href":"https:\/\/fundaciondanny.org\/home\/index.php?rest_route=\/wp\/v2\/pages"}],"about":[{"href":"https:\/\/fundaciondanny.org\/home\/index.php?rest_route=\/wp\/v2\/types\/page"}],"author":[{"embeddable":true,"href":"https:\/\/fundaciondanny.org\/home\/index.php?rest_route=\/wp\/v2\/users\/1"}],"replies":[{"embeddable":true,"href":"https:\/\/fundaciondanny.org\/home\/index.php?rest_route=%2Fwp%2Fv2%2Fcomments&post=7827"}],"version-history":[{"count":16,"href":"https:\/\/fundaciondanny.org\/home\/index.php?rest_route=\/wp\/v2\/pages\/7827\/revisions"}],"predecessor-version":[{"id":7846,"href":"https:\/\/fundaciondanny.org\/home\/index.php?rest_route=\/wp\/v2\/pages\/7827\/revisions\/7846"}],"wp:attachment":[{"href":"https:\/\/fundaciondanny.org\/home\/index.php?rest_route=%2Fwp%2Fv2%2Fmedia&parent=7827"}],"curies":[{"name":"wp","href":"https:\/\/api.w.org\/{rel}","templated":true}]}}